{"id":16,"date":"2020-04-11T15:36:49","date_gmt":"2020-04-11T15:36:49","guid":{"rendered":"http:\/\/jvanoorschot.eu\/?page_id=16"},"modified":"2023-10-01T15:38:51","modified_gmt":"2023-10-01T13:38:51","slug":"zu-meiner-person","status":"publish","type":"page","link":"https:\/\/jvanoorschot.eu\/","title":{"rendered":"Zu meiner Person"},"content":{"rendered":"\n<p class=\"has-text-align-right\" style=\"font-size:17px\"><em>Die vorl\u00e4ufigen Lebensr\u00e4ume sind die R\u00e4ume unseres Lebens.<\/em><\/p>\n\n\n\n<p style=\"font-size:25px\"><strong>Lebensr\u00e4ume<\/strong><\/p>\n\n\n<div class=\"wp-block-image\">\n<figure class=\"aligncenter size-large is-resized\"><img loading=\"lazy\" decoding=\"async\" src=\"https:\/\/jvanoorschot.eu\/wp-content\/uploads\/2020\/03\/3B9D986E-0240-4306-80FF-5AEBA188BC48_1_100_o-1024x683.jpeg\" alt=\"\" class=\"wp-image-4\" style=\"width:479px;height:320px\" width=\"479\" height=\"320\" srcset=\"https:\/\/jvanoorschot.eu\/wp-content\/uploads\/2020\/03\/3B9D986E-0240-4306-80FF-5AEBA188BC48_1_100_o-1024x683.jpeg 1024w, https:\/\/jvanoorschot.eu\/wp-content\/uploads\/2020\/03\/3B9D986E-0240-4306-80FF-5AEBA188BC48_1_100_o-300x200.jpeg 300w, https:\/\/jvanoorschot.eu\/wp-content\/uploads\/2020\/03\/3B9D986E-0240-4306-80FF-5AEBA188BC48_1_100_o-768x512.jpeg 768w, https:\/\/jvanoorschot.eu\/wp-content\/uploads\/2020\/03\/3B9D986E-0240-4306-80FF-5AEBA188BC48_1_100_o-1536x1024.jpeg 1536w, https:\/\/jvanoorschot.eu\/wp-content\/uploads\/2020\/03\/3B9D986E-0240-4306-80FF-5AEBA188BC48_1_100_o-2048x1365.jpeg 2048w\" sizes=\"auto, (max-width: 479px) 100vw, 479px\" \/><\/figure>\n<\/div>\n\n\n<p class=\"has-text-align-right has-cyan-bluish-gray-background-color has-background has-normal-font-size\"><em>ein Rheinl\u00e4nder in Brandenburg<\/em><\/p>\n\n\n\n<p class=\"has-background\" style=\"background-color:#ccab1b\">D\u00fcsseldorf &#8211; Giessen\/Marburg (Lahn)<sub>                                          1957 &#8230; 1977 &#8230; 1980 &#8230; 1982 &#8230; 1986 &#8230; 1988<\/sub><\/p>\n\n\n\n<p class=\"has-background\" style=\"background-color:#ccab1b\">Itzehoe\/Hohenlockstedt &#8211; Marburg (Lahn)<sub>                               1988 &#8230; 1992 &#8230; 1995 <\/sub><\/p>\n\n\n\n<p class=\"has-background\" style=\"background-color:#ccab1b\">Jena                                                                                           <sub>1995 &#8230; 2006<\/sub><\/p>\n\n\n\n<p class=\"has-background\" style=\"background-color:#ccab1b\">Erlangen &#8211; W\u00fcrzburg &#8211; Rangsdorf                                      <sub>2006 &#8230; 2013 &#8230; 2023<\/sub><\/p>\n\n\n\n<p class=\"has-cyan-bluish-gray-background-color has-background\">Rangsdorf                                                                                <sub>2013 &#8230; 2023 &#8230;<\/sub><\/p>\n","protected":false},"excerpt":{"rendered":"<p>Die vorl\u00e4ufigen Lebensr\u00e4ume sind die R\u00e4ume unseres Lebens. Lebensr\u00e4ume ein Rheinl\u00e4nder in Brandenburg D\u00fcsseldorf &#8211; Giessen\/Marburg (Lahn) 1957 &#8230; 1977 &#8230; 1980 &#8230; 1982 &#8230; 1986 &#8230; 1988 Itzehoe\/Hohenlockstedt &#8211; Marburg (Lahn) 1988 &#8230; 1992 &#8230; 1995 Jena 1995 &#8230; 2006 Erlangen &#8211; W\u00fcrzburg &#8211; Rangsdorf 2006 &#8230; 2013 &#8230; 2023 Rangsdorf 2013 &#8230; 2023 &hellip; <a href=\"https:\/\/jvanoorschot.eu\/\" class=\"more-link\"><span class=\"screen-reader-text\">Zu meiner Person<\/span> weiterlesen<\/a><\/p>\n","protected":false},"author":1,"featured_media":0,"parent":0,"menu_order":1,"comment_status":"closed","ping_status":"closed","template":"","meta":{"footnotes":""},"class_list":["post-16","page","type-page","status-publish","hentry"],"_links":{"self":[{"href":"https:\/\/jvanoorschot.eu\/index.php?rest_route=\/wp\/v2\/pages\/16","targetHints":{"allow":["GET"]}}],"collection":[{"href":"https:\/\/jvanoorschot.eu\/index.php?rest_route=\/wp\/v2\/pages"}],"about":[{"href":"https:\/\/jvanoorschot.eu\/index.php?rest_route=\/wp\/v2\/types\/page"}],"author":[{"embeddable":true,"href":"https:\/\/jvanoorschot.eu\/index.php?rest_route=\/wp\/v2\/users\/1"}],"replies":[{"embeddable":true,"href":"https:\/\/jvanoorschot.eu\/index.php?rest_route=%2Fwp%2Fv2%2Fcomments&post=16"}],"version-history":[{"count":20,"href":"https:\/\/jvanoorschot.eu\/index.php?rest_route=\/wp\/v2\/pages\/16\/revisions"}],"predecessor-version":[{"id":224,"href":"https:\/\/jvanoorschot.eu\/index.php?rest_route=\/wp\/v2\/pages\/16\/revisions\/224"}],"wp:attachment":[{"href":"https:\/\/jvanoorschot.eu\/index.php?rest_route=%2Fwp%2Fv2%2Fmedia&parent=16"}],"curies":[{"name":"wp","href":"https:\/\/api.w.org\/{rel}","templated":true}]}}