{"id":65,"date":"2020-06-04T17:02:30","date_gmt":"2020-06-04T15:02:30","guid":{"rendered":"http:\/\/jvanoorschot.eu\/?page_id=65"},"modified":"2023-10-01T15:25:58","modified_gmt":"2023-10-01T13:25:58","slug":"stationen","status":"publish","type":"page","link":"https:\/\/jvanoorschot.eu\/?page_id=65","title":{"rendered":"Stationen"},"content":{"rendered":"\n<p>geboren 1957 in D\u00fcsseldorf<\/p>\n\n\n\n<p>1977-1982 Studium der Evangelischen Theologie an der Philipps-Universit\u00e4t Marburg\/Lahn und an der Theologischen Hochschule des Bundes Freier evangelischer Gemeinden (THE)<\/p>\n\n\n\n<p>1986 Promotion zum Dr. theol.<\/p>\n\n\n\n<p>1988-1992 Ordination und Pastorat<\/p>\n\n\n\n<p>1991 Habilitation im Fach \u00bbAltes Testament\u00ab<\/p>\n\n\n\n<p>1992-1995 Heisenberg-Stipendiat der Deutschen Forschungsgemeinschaft (DFG)<\/p>\n\n\n\n<p>1995-2006 Professur f\u00fcr Altes Testament an der Theologischen Fakult\u00e4t der Friedrich-Schiller Universit\u00e4t Jena<\/p>\n\n\n\n<p>2006-2023 Ordinarius auf dem Lehrstuhl f\u00fcr Altes Testament II (Theologie) am Fachbereich Theologie der Friedrich-Alexander Universit\u00e4t Erlangen-N\u00fcrnberg<\/p>\n","protected":false},"excerpt":{"rendered":"<p>geboren 1957 in D\u00fcsseldorf 1977-1982 Studium der Evangelischen Theologie an der Philipps-Universit\u00e4t Marburg\/Lahn und an der Theologischen Hochschule des Bundes Freier evangelischer Gemeinden (THE) 1986 Promotion zum Dr. theol. 1988-1992 Ordination und Pastorat 1991 Habilitation im Fach \u00bbAltes Testament\u00ab 1992-1995 Heisenberg-Stipendiat der Deutschen Forschungsgemeinschaft (DFG) 1995-2006 Professur f\u00fcr Altes Testament an der Theologischen Fakult\u00e4t der &hellip; <a href=\"https:\/\/jvanoorschot.eu\/?page_id=65\" class=\"more-link\"><span class=\"screen-reader-text\">Stationen<\/span> weiterlesen<\/a><\/p>\n","protected":false},"author":1,"featured_media":186,"parent":0,"menu_order":0,"comment_status":"closed","ping_status":"closed","template":"","meta":{"footnotes":""},"class_list":["post-65","page","type-page","status-publish","has-post-thumbnail","hentry"],"_links":{"self":[{"href":"https:\/\/jvanoorschot.eu\/index.php?rest_route=\/wp\/v2\/pages\/65","targetHints":{"allow":["GET"]}}],"collection":[{"href":"https:\/\/jvanoorschot.eu\/index.php?rest_route=\/wp\/v2\/pages"}],"about":[{"href":"https:\/\/jvanoorschot.eu\/index.php?rest_route=\/wp\/v2\/types\/page"}],"author":[{"embeddable":true,"href":"https:\/\/jvanoorschot.eu\/index.php?rest_route=\/wp\/v2\/users\/1"}],"replies":[{"embeddable":true,"href":"https:\/\/jvanoorschot.eu\/index.php?rest_route=%2Fwp%2Fv2%2Fcomments&post=65"}],"version-history":[{"count":4,"href":"https:\/\/jvanoorschot.eu\/index.php?rest_route=\/wp\/v2\/pages\/65\/revisions"}],"predecessor-version":[{"id":225,"href":"https:\/\/jvanoorschot.eu\/index.php?rest_route=\/wp\/v2\/pages\/65\/revisions\/225"}],"wp:featuredmedia":[{"embeddable":true,"href":"https:\/\/jvanoorschot.eu\/index.php?rest_route=\/wp\/v2\/media\/186"}],"wp:attachment":[{"href":"https:\/\/jvanoorschot.eu\/index.php?rest_route=%2Fwp%2Fv2%2Fmedia&parent=65"}],"curies":[{"name":"wp","href":"https:\/\/api.w.org\/{rel}","templated":true}]}}