{"id":86,"date":"2020-06-04T16:43:05","date_gmt":"2020-06-04T14:43:05","guid":{"rendered":"http:\/\/jvanoorschot.eu\/?page_id=86"},"modified":"2026-03-18T20:47:20","modified_gmt":"2026-03-18T18:47:20","slug":"lehre","status":"publish","type":"page","link":"https:\/\/jvanoorschot.eu\/?page_id=86","title":{"rendered":"Publikationen"},"content":{"rendered":"\n<p>Gesamtliste der Publikationen (Stand 2025) mit Download-Optionen:<\/p>\n\n\n\n<p><a href=\"https:\/\/ixtheo.de\/AuthorityRecord\/082024456\">https:\/\/ixtheo.de\/AuthorityRecord\/082024456<\/a><\/p>\n\n\n\n<p class=\"has-medium-font-size\"><strong>MONOGRAFIEN<\/strong><\/p>\n\n\n\n<p>Gott als Grenze. Eine literar- und redaktionsgeschichtliche Studie zu den Gottesreden des Hiobbuches, BZAW 170, Berlin und New York 1987.<\/p>\n\n\n\n<p>Hoffnung f\u00fcr Israel. Eine Studie zu R\u00f6mer 11,25-32, Giessen 1988.<\/p>\n\n\n\n<p>Von Babel zum Zion. Eine literar- und redaktionsgeschichtliche Studie zu Jesaja 40-55, BZAW 206, Berlin und New York 1993.<\/p>\n\n\n\n<p class=\"has-medium-font-size\"><strong>HERAUSGEBRSCHAFTEN<\/strong><\/p>\n\n\n\n<p>I. Kottsieper, J. van Oorschot, D. R\u00f6mheld und H.-M. Wahl (Hgg.), \u00bbWer ist wie du, HERR, unter den G\u00f6ttern?\u00ab, Studien zur Theologie und Religionsgeschichte Israels, FS Otto Kaiser zum 70.Geburtstag, G\u00f6ttingen 1994.<\/p>\n\n\n\n<p>M. Krebernik und J. van Oorschot (Hg.), Polytheismus und Monotheismus in den Religionen des Vorderen Orients, AOAT 298, M\u00fcnster 2002.<\/p>\n\n\n\n<p>U.Becker, J. van Oorschot (Hg.), Das Alte Testament \u2013 ein Geschichtsbuch?! Geschichtsschreibung oder Geschichts\u00fcberlieferung im antiken Israel, ABG 17, Leipzig 2005; 2. Auflage Leipzig 2006.<\/p>\n\n\n\n<p>J.van Oorschot, M. Iff (Hg.), Der Mensch als Thema theologischer Anthropologie. Beitr\u00e4ge in interdisziplin\u00e4rer Perspektive, BThSt 111, Neukirchen-Vluyn 2010.<\/p>\n\n\n\n<p>J.van Oorschot, M. Witte (Hg.), Anf\u00e4nge und Urspr\u00fcnge der Jahwe-Verehrung, BTHZ 30, Leipzig 2013.<\/p>\n\n\n\n<p>Andreas Wagner, J. van Oorschot (Hg.), Individualit\u00e4t und Selbstreflexion in den Literaturen des Alten Testaments, VGTh 48, Leipzig 2017.<\/p>\n\n\n\n<p>J.van Oorschot, Markus Witte (Hg.), The Origins of Yahwism, BZAW 484, Berlin und Boston 2017.<\/p>\n\n\n\n<p>J.van Oorschot, A. Wagner (Hg.), Anthropologie(n) des Alten Testaments, VWGTh 42, Leipzig 2015; 2. Auflage Leipzig 2018.<\/p>\n\n\n\n<p>J.van Oorschot (Hg.), Mensch, TdT Bd.11, UTB 4763, T\u00fcbingen 2018.<\/p>\n\n\n\n<p>J. van Oorschot, A. Wagner (Hg.), Gott und Mensch. Zum Verh\u00e4ltnis von Gottes- und Menschenbild, VWGTh 52, Leipzig 2018.<\/p>\n\n\n\n<p>J. van Oorschot, A. Wagner (Hg.), Perfektion und Perfektibilit\u00e4t in den Literaturen des Alten Testaments, VWGTh 63, Leipzig 2020.<\/p>\n\n\n\n<p>L. Allolio-N\u00e4cke, J. van Oorschot, Chr. Wulf (Hg.), Religion als Perfektionierung. Fragment und Vollendung in den Religionen, Paragrana, Bd. 30, (1) 2021, Berlin 2021.<\/p>\n\n\n\n<p>K. Hock, J. van Oorschot, F. Stengel (Hg.), Zukunft-Sichten zwischen Prognose und Divination, BThZ, Bd. 38 (2021), Berlin\/Boston 2021.<\/p>\n\n\n\n<p>A. Wagner, J. van Oorschot (Hg.), Der bestm\u00f6gliche Mensch. Alttestamentliche und systematisch-theologische Anmerkungen zu S\u00fcnder und Umkehr, VWGTh 67, Leipzig 2022.<\/p>\n\n\n\n<p>A. Wagner, J. van Oorschot, L. Allolio-N\u00e4cke (Hg.), Archaeology of Mind in the Hebrew Bible \/ Arch\u00e4ologie alttestamentlichen Denkens, Berlin\/Boston 2023 (<a href=\"https:\/\/www.degruyter.com\/document\/doi\/10.1515\/9783110742428\/html#contents\">https:\/\/www.degruyter.com\/document\/doi\/10.1515\/9783110742428\/html#contents<\/a>).<\/p>\n\n\n\n<p>J. van Oorschot, A. Wagner, Biografie und Lebensalter. Zur materialen, soziologischen und theologischen Verfasstheit biografischer Bez\u00fcge, VWGTh 73, Leipzig 2023.<\/p>\n\n\n\n<p class=\"has-medium-font-size\"><strong>AUFS\u00c4TZE UND LEXIKONARTIKEL<\/strong><\/p>\n\n\n\n<p>Beobachtungen zur V\u00f6lkertheologie in Jesaja 40-55, in: Auslegung als Existenzerhellung. Festschrift f\u00fcr Otto Kaiser zum 60.Geburtstag, Marburg 1984 (Privatdruck).<\/p>\n\n\n\n<p>Artikel \u00bbH\u00f6lle\u00ab, in: Das gro\u00dfe Bibellexikon, Bd. 2, Wuppertal und Giessen 1988, 598-599.<\/p>\n\n\n\n<p>Artikel \u00bbNamen Gottes\u00ab, in: Das gro\u00dfe Bibellexikon, Bd.2, Wuppertal und Giessen 1988, 1027-1029.<\/p>\n\n\n\n<p>Nachkultische Psalmen und sp\u00e4tbiblische Rollendichtung, ZAW 106 (1994), 69-86.<\/p>\n\n\n\n<p>Hiob 28: Die verborgene Weisheit und die Furcht Gottes als \u00dcberwindung einer generalisierten&nbsp;<em>h\u00e5km\u00e2<\/em>, in: The Book of Job, ed. W.A.M. Beuken, Bibliotheca Ephemeridum Theologicorum Lovaniensium CXIV, Leuven 1994, 183-201.<\/p>\n\n\n\n<p>Der ferne&nbsp;<em>deus praesens<\/em>&nbsp;des Tempel. Die Korachpsalmen und der Wandel israelitischer Tempeltheologie, in: I. Kottsieper u.a. (Hgg.), \u00bbWer ist wie du, HERR, unter den G\u00f6ttern?\u00ab, Studien zur Theologie und Religionsgeschichte Israels, FS Otto Kaiser zum 70.Geburtstag, G\u00f6ttingen 1994, 416-430.<\/p>\n\n\n\n<p>Artikel \u00bbS\u00fchne, religionswissenschaftlich\u00ab, in: Evangelisches Lexikon f\u00fcr Theologie und Gemeinde, Bd.3, 124-127, Wuppertal 1994.<\/p>\n\n\n\n<p>Die heilige Schrift und ihre Auslegung &#8211; Psalm 44 und die Vermittlung des Evangeliums, FS Kurt Seidel zum 65.Geburtstag, Witten 1995 (Privatdruck).<\/p>\n\n\n\n<p>Tendenzen der Hiobforschung, ThR NF 60 (1995), 351-388.<\/p>\n\n\n\n<p>Der bilderlose Gott, in: J. Spie\u00df (Hg.), Schwierigkeiten mit dem Alten Testament, Porta-Studien 60, Marburg 1997, 17-23.<\/p>\n\n\n\n<p>Der Gerechte und die Frevler im Buch der Spr\u00fcche &#8211; ein Beitrag zu Theologie und Religionsgeschichte des fr\u00fchen Judentums, Biblische Zeitschrift NF 41 (1998), 225-238.<\/p>\n\n\n\n<p>Gott in der Dunkelheit? Hiobgestalten und ihr Beitrag zu einer Grundfrage, Zeitwende, 69 Jahrgang (1998), 26-42.&nbsp;<\/p>\n\n\n\n<p>Gottes Gerechtigkeit und Hiobs Leid, Theologische Beitr\u00e4ge 4 (1999), 202-213.<\/p>\n\n\n\n<p>Die Macht der Bilder und die Ohnmacht des Wortes?, ZThK 96 (1999), 299-319.<\/p>\n\n\n\n<p>Altes Testament, in: U. Tworuschka (Hg.), Heilige Schriften, Darmstadt 2000, 29-56.<\/p>\n\n\n\n<p>Prophetie und P\u00e4dagogik, Zeitschrift f\u00fcr P\u00e4dagogik und Theologie 52 (2000), 11-21.<\/p>\n\n\n\n<p>Geschichte als Erinnerung und Wissenschaft \u2013 ein Beitrag zu ihrem Verst\u00e4ndnis, in: R .Lux (Hg.), Erz\u00e4hlte Geschichte. Beitr\u00e4ge zur narrativen Kultur im alten Israel, BThSt 40, Neukirchen-Vluyn 2000, 1-27.<\/p>\n\n\n\n<p>\u00bbEr schuf sie als Mann und Frau\u00ab \u2013 der Mensch als geschlechtliches Wesen, in: W. Haubeck u.a. (Hg.), Ehe und Sexualit\u00e4t, Theologische Impulse 2, Witten 2000, 7-31.<\/p>\n\n\n\n<p>Menschenbild, Gottesbild und Menschenw\u00fcrde \u2013 ein Beitrag des Hiobbuches, in: E. Herms (Hg.), Menschenbild und Menschenw\u00fcrde, VWGTH 17, G\u00fctersloh 2001, 320-343.<\/p>\n\n\n\n<p>Auslegung als theologisches Gespr\u00e4ch \u2013 Psalm 44 und die Vermittlung des Evangeliums, Theologisches Gespr\u00e4ch (2001), 1-15.<\/p>\n\n\n\n<p>Das Alter als Spiegel des Lebens \u2013 Altern im Horizont der Bibel, in: Alt werden \u2013 alt sein. Lebensperspektiven aus verschiedenen Wissenschaften, M. Friedenthal-Haase, G. Meinhold, K. Schneider, U. Zwiener (Hrsg.), Frankfurt 2001, 65-78.<\/p>\n\n\n\n<p>Institution und Geisterfahrung im Alten Testament, in: W. Haubeck u.a. (Hg.), Von der Gegenwart des Heiligen Geistes, Theologische Impulse Bd. 3, Witten 2001, 7-24.<\/p>\n\n\n\n<p>\u00bbH\u00f6re Israel&#8230;!\u00ab(Dtn 6,4f.) \u2013 Der eine und einzige Gott Israels im Widerstreit, in: Polytheismus und Monotheismus in den Religionen des Vorderen Orients. M. Krebernik und J. van Oorschot (Hg.), AOAT 298, M\u00fcnster 2002, 113-136.<\/p>\n\n\n\n<p>Weisheit in Israel und im fr\u00fchen Judentum, in: Altes Testament, VuF 1 (2003), 59-89.<\/p>\n\n\n\n<p>Vom altorientalischen Geschichtsherrn zum&nbsp;<em>deus creator et iustificans &#8211;<\/em>zur Entwicklung der Geschichtstheologie im Raum der deuterojesajanischen Prophetien, in: J. F. Diehl u.a. (Hg.), \u00bbEinen Altar von Erde mache mir &#8230;\u00ab FS f\u00fcr Diethelm Conrad zu seinem 70. Geburtstag, KAANT 4\/5, Waltrop 2003, 199-220.&nbsp;<\/p>\n\n\n\n<p>Jesus Christus \u2013 der einzige Weg zum Heil auch f\u00fcr Juden?, in: W. Haubeck u.a. (Hg.), In keinem andern ist das Heil \u2013 Die Einzigartigkeit Jesu Christi heute,&nbsp; Theologische Impulse Bd.7, Witten 2003, 98-117.&nbsp;<em><\/em><\/p>\n\n\n\n<p>Artikel \u00bbWahrheit\/Wahrhaftigkeit\u00ab I. Altes Testament, in: TRE 35, Sp. 337-340, Berlin und New York 2003.&nbsp;<em><\/em><\/p>\n\n\n\n<p>Ein Mensch \u2013 geschaffen als Gottes Ebenbild, in: R. Hille \/ H. H. Klement (Hgg.), Ein Mensch \u2013 was ist das? Zur theologischen Anthropologie, Wuppertal und Basel 2004, 40-59.<\/p>\n\n\n\n<p>Strukturen des Gebetes, in: J. Corley, R. Egger-Wenzel (Hg.), Prayer from Tobit to Qumran. (DCLY 1 &#8211; Yearbook 2004), Berlin und New York 2004, 17-39.<\/p>\n\n\n\n<p>Die Stadt \u2013 Lebensraum und Symbol. Israels Stadtkultur als Spiegel seiner Geschichte und Theologie, in: Gott und Mensch im Dialog. FS Otto Kaiser zum 80. Geburtstag, M. Witte (Hg.), BZAW 345\/I, Berlin und New York 2004, 155-179.<\/p>\n\n\n\n<p>Wie tolerant ist Gott? &#8211; \u00dcberlegungen zur R\u00fcckgewinnung einer Wirklichkeit, in: W. Haubeck u.a. (Hg.), Theologisches Gespr\u00e4ch 28 (2004), 135-142.<\/p>\n\n\n\n<p>Artikel \u00bbWeissagung\u00ab, in: Historisches W\u00f6rterbuch der Philosophie 12, Sp. 397-401, Hg. von J. Ritter, K. Gr\u00fcnder und G. Gabriel, Basel 2005.<\/p>\n\n\n\n<p>Geschichte, Redaktion und Identit\u00e4t \u2013 \u00dcberlegungen anhand deuterojesajanischer Prophetien, in: U. Becker, J. van Oorschot (Hg.), Das Alte Testament \u2013 ein Geschichtsbuch?! Geschichtsschreibung oder Geschichts\u00fcberlieferung im antiken Israel, ABG 17, Leipzig 2005, 37-57.<\/p>\n\n\n\n<p>Die Pr\u00fcfung des Menschen in den Geschichten der Bibel, in: K.-M. Kodalle (Hg.), Der gepr\u00fcfte Mensch. \u00dcber Sinn und Unsinn des Pr\u00fcfungswesens. Kritische Jahrbuch der Philosophie, Beiheft 6, W\u00fcrzburg 2006, 77-86.<\/p>\n\n\n\n<p>Pl\u00e4doyer gegen den Luxus des Missverstehens. Zur Debatte zwischen Carl Ratner und Barbara Zielke um den Sozialen Konstruktionismus Kenneth J. Gergens [46 Abs\u00e4tze].&nbsp;<em>Forum Qualitative Sozialforschung \/ Forum: Qualitative Social Research&nbsp;<\/em>[On-line Journal],&nbsp;<em>7<\/em>(2), Art. 17, 2006. Verf\u00fcgbar \u00fcber:&nbsp;<a href=\"http:\/\/www.qualitative-research.net\/fqs-texte\/2-06\/06-2-17-d.htm\">http:\/\/www.qualitative-research.net\/fqs-texte\/2-06\/06-2-17-d.htm<\/a>&nbsp;[Zugriff: 01, 03, 2006]. Online-Publikation (gemeinsam mit L. Allolio-N\u00e4cke).<\/p>\n\n\n\n<p>Against the Luxury of Misunderstanding. Revisiting the Debate between Carl Ratner and Barbara Zielke on an Interview with Kenneth J. Gergen and his Theory of Social Constructionism,&nbsp;<em>Forum Qualitative Sozialforschung \/ Forum: Qualitative Social Research&nbsp;<\/em>[On-line Journal],&nbsp;<em>7<\/em>(2), Art. 17, 2006. Verf\u00fcgbar \u00fcber:&nbsp;<a href=\"http:\/\/www.qualitative-research.net\/fqs-texte\/2-06\/06-2-17-e.htm\">http:\/\/www.qualitative-research.net\/fqs-texte\/2-06\/06-2-17-e.htm<\/a>&nbsp;[Zugriff: 01, 03 2006]. Online-Publikation (gemeinsam mit L. Allolio-N\u00e4cke).<\/p>\n\n\n\n<p>Suchbewegungen zum \u00dcberleben der Qualitativen Sozialforschung?. In: Erw\u00e4gen \u2013 Wissen \u2013 Ethik (EWE), 18(2) (2007), 208-211 (gemeinsam mit L. Allolio-N\u00e4cke).<\/p>\n\n\n\n<p>Bologna? Oder: Wohin die Reise gehen soll\u2026 In: Psychologie &amp; Gesellschaftskritik, 31 (1) (2007), 93-128 (gemeinsam mit L. Allolio-N\u00e4cke).<\/p>\n\n\n\n<p>Die Entstehung des Hiobbuches, in: K. Schmid, M. Oeming, Th. Kr\u00fcger, Das Buch Hiob und seine Interpretation. AThANT 88, Z\u00fcrich 2007, 165-184.<\/p>\n\n\n\n<p>Grenzen der Erkenntnis als Quellen der Erkenntnis \u2013 ein alttestamentlicher Beitrag zu Weisheit und Wissenschaft, ThLZ 132, 2007, 1277-1292.<\/p>\n\n\n\n<p>Altes Testament, in: U. Tworuschka (Hg.), Heilige Schriften. Eine Einf\u00fchrung, Verlag der Weltreligionen, TB 7, Leipzig 2008, 50-88.<\/p>\n\n\n\n<p>Transdifferenz als&nbsp;<em>docta ignorantia<\/em>&nbsp;\u2013 Alte und neue Sprachversuche an den Grenzen bipolaren Ordnens und Erkennens, in: L. Allolio-N\u00e4cke, B. Kalscheuer, Kulturelle Differenzen begreifen. Das Konzept der Transdifferenz aus interdisziplin\u00e4rer Sicht, Frankfurt a.M. \/ New York 2008, 101-116.<\/p>\n\n\n\n<p>K\u00f6nig und Mensch. Biografie und Autobiografie bei Kohelet und in der alttestamentlichen Literaturgeschichte, in: Mensch und K\u00f6nig. Studien zur Anthropologie des Alten Testaments, Hrg. A. Berlejung und R. Heckl, HBS 53, Freiburg u.a. 2008, 109-122.<\/p>\n\n\n\n<p>Gott, \u00bbder das Licht bildet und schafft die Finsternis\u00ab &#8211; Zur Bedeutung des Lichts im Alten Orient und im Alten Testament, in: H. Neuhaus (Hg.), Licht. Erlanger Forschungen. Reihe A, Geisteswissenschaften, Band 120, Erlangen 2009, 11-32.<\/p>\n\n\n\n<p>Das babylonische Exil &#8211; eine Konzeption im Alten Testament, in der Historiographie und in der Kulturbegegnung des 6. Jh. v. Chr., in: F. Schweitzer (Hg.), Kommunikation \u00fcber Grenzen, VWGTH 33, G\u00fctersloh 2009, 233-251.<\/p>\n\n\n\n<p>Zur Grundlegung alttestamentlicher Anthropologie &#8211; Orientierung und Zwischenruf, in: J. van Oorschot, M. Iff (Hg.), Der Mensch als Thema theologischer Anthropologie. Beitr\u00e4ge in interdisziplin\u00e4rer<a href=\"http:\/\/www.jvanoorschot.de\/Juergen_van_Oorschot\/PUBLIKATIONEN_files\/E%20van%20Oorschot%20ATAnthropologie.pdf\"> <\/a>Perspektive, BThSt 111, Neukirchen-Vluyn 2010, 1-41.<\/p>\n\n\n\n<p>Bildungs-Momente. Alttestamentliche Anmerkungen anhand der Rede von \u00bbFrau Weisheit\u00ab, in: H. Eschmann, A. H\u00e4rtner (Hg.), Glaube bildet. Bildung als Thema von Theologie und Kirche, G\u00f6ttingen 2010, 88-107.<\/p>\n\n\n\n<p>Medizin und Theologie im Gespr\u00e4ch &#8211; exemplarisch \u00fcber Sterben und Tod, in: Praktische Theologie, 1 (2011), 35-38 (gemeinsam mit B. van Oorschot).<\/p>\n\n\n\n<p>Grenzen von Weisheit und Wissen. Alttestamentliche Weisheit in Reaktion auf theologische und anthropologische Aporetik, in: M. Saur (Hg.), Die theologische Bedeutung der alttestamentlichen Weisheitsliteratur, BThSt 125, Neukirchen-Vluyn 2012, 67-90.<\/p>\n\n\n\n<p>Beredte Sprachlosigkeit im Ijobbuch. K\u00f6rpererfahrungen an den Grenzen von Weisheit und Wissen, in: A. Berlejung, J. Dietrich, J.F. Quack (Hg.), Menschenbilder und K\u00f6rperkonzepte im Alten Israel, in \u00c4gypten und im Alten Orient, T\u00fcbingen 2012, 239-253.<\/p>\n\n\n\n<p>Social Constructionism, in: R. Jon McGee, Richard L. Warms (Eds.), Theory in Social and Cultural Anthropology. An Encyclopedia, Thousand Oaks, CA, 2013, 785-788 (gemeinsam mit L. Allolio-N\u00e4cke).<\/p>\n\n\n\n<p>Kann Erinnerung normativ sein oder werden? Orientierungen eines Alttestamentlers in der Debatte zum biblischen Kanon, in: C. Landmesser\/A.Klein (Hg.), Normative Erinnerung. Der biblische Kanon zwischen Tradition und Konstruktion, Leipzig 2014, 71-87.<\/p>\n\n\n\n<p>Das Alte Testament im Kreis der theologischen F\u00e4cher. Theologische Wahrnehmung altorientalischer und j\u00fcdischer Religion innerhalb des christlichen Kanons, in: M. Buntfu\u00df, M. Fritz (Hrsg.), Fremde unter einem Dach? Die theologischen F\u00e4cherkulturen in enzyklop\u00e4discher Perspektive. TBT Bd. 163, Berlin\/Boston, 2014, 23-41.<\/p>\n\n\n\n<p>\u00bbVon Zion wird Weisung ausgehen und das Wort des HERRN von Jerusalem\u00ab (Jes 2,3) Zum christlichen Missionsverst\u00e4ndnis und dem Alten Testament, in: W. Haubeck, W. Heinrichs (Hrsg.), Mission heute &#8211; Gestalt und Begr\u00fcndung, Theologische Impulse, Bd. 26, Witten 2014, 9-21.<\/p>\n\n\n\n<p>Potentials for Freedom in Concepts of Order. Transformation of Wisdom and Political Theology in the Hebrew Bible, in: M. Welker (Hg.), Quests for Freedom. Biblical &#8211; Historical &#8211; Contemporary, Neukirchen-Vluyn 2015, 257-266.<\/p>\n\n\n\n<p>Lost in Translation, Regain by Exegesis. \u05e0\u05e4\u05e9 in alttestamentlicher Verwendung und Funktion, in: J. van Oorschot, A. Wagner (Hg.), Anthropologie(n) des Alten Testaments, VWGTh 42, Leipzig 2015, 117-132.<\/p>\n\n\n\n<p>Anthropomorphismus (2016),&nbsp;<a href=\"http:\/\/www.bibelwissenschaft.de\/de\/stichwort\/13433\/\" target=\"_blank\" rel=\"noreferrer noopener\">http:\/\/www.bibelwissenschaft.de\/de\/stichwort\/13433\/<\/a>(Stand: 1.9.2016).<\/p>\n\n\n\n<p>Bildung und Person als Thema fr\u00fchj\u00fcdischer Weisheitstexte, in: Chr. Bouillon, A. Heiser, M. Iff (Hg.), Person, Identit\u00e4t und theologische Bildung, Stuttgart 2017, 15-26.<\/p>\n\n\n\n<p>Individuum und Gemeinschaft, in: W. Dietrich (Hg.), Die Welt der Hebr\u00e4ischen Bibel. Umfeld &#8211; Inhalte &#8211; Grundthemen, Stuttgart 2017, 171-182; 2. erweiterte und \u00fcberarbeitete Auflage Stuttgart 2021, 174-186.<\/p>\n\n\n\n<p>Hiob als Paradigma der Entt\u00e4uschung, in: N. Heimsohn, M. Moxter (Hg.), Entt\u00e4uschung. Interdisziplin\u00e4re Erkundungen zu einem ambivalenten Ph\u00e4nomen, Paderborn 2017, 95-108.<\/p>\n\n\n\n<p>(Selbst-)Begrenzungen des Menschen um Gottes Willen, in: J. van Oorschot\/A. Wagner, Zum Verh\u00e4ltnis von Gottes- und Menschenbild. VWGTh 52, Leipzig 2018, 233-246.<\/p>\n\n\n\n<p>Aspekte impliziter Anthropologien im Alten Testament, in: J. van Oorschot (Hg.), Mensch, TdT Bd. 11, UTB 4763, T\u00fcbingen 2018, 17-64.<\/p>\n\n\n\n<p>Der Mensch im Gef\u00fcge der Welten, in: J. van Oorschot (Hg.), Mensch, TdT Bd. 11, UTB 4763, T\u00fcbingen 2018, 1-16.<\/p>\n\n\n\n<p>Relation und Kontext anthropologischer Pragmatik und Reflexion, in J. van Oorschot (Hg.), Mensch, TdT Bd. 11, UTB 476, T\u00fcbingen 2018, 253-264.<\/p>\n\n\n\n<p>Der Wille des Menschen &#8211; Alttestamentliche Aspekte zur Debatte um die Freiheit und Unfreiheit menschlichen Wollens, KuD 64 (2018), 1-19.<\/p>\n\n\n\n<p>Diesseits und Jenseits als Kategorien alttestamentlicher Exegese und Religionsgeschichte, in: Verwandlungen. Vom \u00dcber-Setzen religi\u00f6ser Signifikanten in der Moderne, S. Burckhardt, S. Wiesgieckl (Hg.), Stuttgart 2018, 26-30.&nbsp;<\/p>\n\n\n\n<p>Theologische und religionsgeschichtliche Konsequenzen der neueren Pentateuchkritik, VuF 64 (2019), 61-69.<\/p>\n\n\n\n<p>Nudity and Clothing in the Hebrew Bible: Theological and Anthropological Aspects, in: Clothing and Nudity in the Hebrew Bible, ed. Chr. Berner u.a., London und New York 2019, 237-249.<\/p>\n\n\n\n<p>Anthropologie(n) des Alten Testaments in den expliziten und impliziten Menschenbildern. Eine redaktionsgeschichtliche und interdisziplin\u00e4re Aufgabe, ThLZ 145 (2020), 3-15.<\/p>\n\n\n\n<p>Die alte Hoffnung auf den neuen Menschen. Variationen zum Denken des Neuen aus alttestamentlich-fr\u00fchj\u00fcdischen Debatten, in: C. Wulf, J. Zirfas (Hg.), Den Menschen neu denken, Paragrana 29, (1) (2020), 216-226.<\/p>\n\n\n\n<p>Der imperfekte und perfekte Gott. Zum Spezifikum alttestamentlicher Gottesrede, in: J. van Oorschot, A. Wagner (Hg.), Perfektion und Perfektibilit\u00e4t in den Literaturen des Alten Testaments, VWGTh 63, Leipzig 2020, 9-26. <\/p>\n\n\n\n<p>Tendenzen der Hiobforschung II (1995-2020), ThR 85 (2020), 197-247.<\/p>\n\n\n\n<p>Leben\/naefaesch (AT), Wibilex (2020), <a href=\"https:\/\/www.bibelwissenschaft.de\/stichwort\/80314\/\">https:\/\/www.bibelwissenschaft.de\/stichwort\/80314\/<\/a> (Stand 5.12.2020)<\/p>\n\n\n\n<p>Das Lob des Imperfekten oder zur angemessenen Rede von Gott und Mensch &#8211; Anmerkungen eines Alttestamentlers, in: L. Allolio-N\u00e4cke, J. van Oorschot, Chr. Wulf, Religion als Perfektionierung. Fragment und Vollendung in den Religionen, Paragrana, Bd. 30, (1) 2021, Berlin 2021, 119-136.<\/p>\n\n\n\n<p>Ans\u00e4tze biblischer Anthropologie, in: J. Lanckau u.a. (Hg.), Biblisches Arbeitsbuch f\u00fcr Soziale Arbeit und Diakonie, M\u00fcnchen 2021, 74-79.<\/p>\n\n\n\n<p>Exegetische und homiletische Verstehensr\u00e4ume. Was kann alttestamentliche Exegese auf dem Weg vom Text zur Predigt beitragen?, in: S. Keller, K. Merle (Hrsg.), Evangelisch Predigen. Konturen homiletischer Textbez\u00fcge, Leipzig 2022, 15-27.<\/p>\n\n\n\n<p>Individuality versus Collectivity in the Old Testament &#8211; Schwache und starke Individualit\u00e4t in alttestamentlichen Schriften, in: A. Wagner, J. van Oorschot, L. Allolio-N\u00e4cke (Hg.), Archaeology of Mind in the Hebrew Bible \/ Arch\u00e4ologie alttestamentlichen Denkens, Berlin\/Boston 2023, 269-286. (<a href=\"https:\/\/www.degruyter.com\/document\/doi\/10.1515\/9783110742428\/html#contents\">https:\/\/www.degruyter.com\/document\/doi\/10.1515\/9783110742428\/html#contents<\/a>)<\/p>\n\n\n\n<p>Beheimatung und Migration. Alttestamentlich-anthropologische Erkundungen zu einem Spannungsfeld, in: B. Hensel, Chr. Wetz (Hg.), Migration und Theologie. Historische Reflexionen, theologische Grundelemente und hermeneutische Perspektiven aus der alt- und neudtestamentlichen Wissenschaft, ABG 74, Leipzig 2023, 401-424 (gemeinsam mit L. Allolio-N\u00e4cke).<\/p>\n\n\n\n<p>Perfektion, in: Optimierung: Ein interdisziplin\u00e4res Handbuch, M. Diederich, J. Zirfas (Hg.), Berlin und Heidelberg, 2024, 29-32 (gemeinsam mit L. Allolio-N\u00e4cke). (https:\/\/link.springer.com\/chapter\/10.1007\/978-3-662-67307-2_4#chapter-info) <\/p>\n\n\n\n<p>Zur Kritik der exegetischen Vernunft &#8211; Schlaglichter auf die alttestamentliche Wissenschaft in den 2020<sup>er<\/sup> Jahren, in: A. Beyer, L. Allolio-N\u00e4cke (Hg.), Zur Kritik der exegetischen Vernunft. Beitr\u00e4ge zu Theorie und Pragmatik der alttestamentlichen Wissenschaft, BZAW 555, Berlin\/Boston 2024, 1-10.<\/p>\n\n\n\n<p>Von der Eigenart alttestamentlichen Erkennens, in: (Vor)Formen und&nbsp;Funktionen enzyklop\u00e4dischen Wissens im alten Israel&nbsp;und den angrenzenden Kulturen, M. Bauks. M Pietsch, M. Weing\u00e4rtner (Hg.), Stuttgart 2024,&nbsp;<a href=\"https:\/\/cms.ibep-prod.com\/app\/uploads\/sites\/18\/2024\/06\/vanOorschot-2024-06.pdf\">https:\/\/doi.org\/10.23768\/ENZYKLOPAEDIE.VANOORSCHOT<\/a><\/p>\n\n\n\n<p>Der \u00bbnackte Mensch\u00ab. Die Hiobgestalt als anthropologische Fallstudie, In: A. Marschall (Hg.), Hiobs Reden. Zwischen Selbstreflexion, Klage und Streit, ABG Bd. 76, Leipzig 2024, 15-35.<\/p>\n\n\n\n<p>Prozesse der De- und Rekontextualisierung und deren Komposition von Wirklichkeit(en) an Beispielen der alttestamentlichen Religions- und Traditionsgeschichte, in: F. van Oorschot, L. Allolio-N\u00e4cke, S. Haug (Hrsg.), Mensch 4.0: Interdisziplin\u00e4re Explorationen sich ver\u00e4ndernder Weltverh\u00e4ltnisse, Heidelberg: heiBOOKS, 2024 (FEST Forschung, Band 3), 61-77. <a href=\"https:\/\/books.ub.uni-heidelberg.de\/heibooks\/catalog\/book\/1516\/chapter\/22001\">https:\/\/doi.org\/10.11588\/heibooks.1516.c22001<\/a><\/p>\n\n\n\n<p>Pr\u00e4senz Gottes zwischen Kultus und Selbsterfahrung in den Korachpsalmen, in: Die Kunst der Auslegung. Festschrift f\u00fcr Friedhelm Hartenstein zum 65. Geburtstag, J. G\u00e4rtner, M. Pietsch (Hrsg.), ABG Bd. 82, Leipzig 2025, 211-227.<\/p>\n\n\n\n<p>Exklusiv und Emotional. Projektfl\u00e4che Kindschaft im Alten Testament, in: M.D. Kr\u00fcger, D. Schenke (Hrsg.), Kinder Gottes. Kindheit theologisch denken, Leipzig 2026, 27-40.<\/p>\n\n\n\n<p><\/p>\n","protected":false},"excerpt":{"rendered":"<p>Gesamtliste der Publikationen (Stand 2025) mit Download-Optionen: https:\/\/ixtheo.de\/AuthorityRecord\/082024456 MONOGRAFIEN Gott als Grenze. Eine literar- und redaktionsgeschichtliche Studie zu den Gottesreden des Hiobbuches, BZAW 170, Berlin und New York 1987. Hoffnung f\u00fcr Israel. Eine Studie zu R\u00f6mer 11,25-32, Giessen 1988. Von Babel zum Zion. Eine literar- und redaktionsgeschichtliche Studie zu Jesaja 40-55, BZAW 206, Berlin und &hellip; <a href=\"https:\/\/jvanoorschot.eu\/?page_id=86\" class=\"more-link\"><span class=\"screen-reader-text\">Publikationen<\/span> weiterlesen<\/a><\/p>\n","protected":false},"author":1,"featured_media":0,"parent":0,"menu_order":0,"comment_status":"closed","ping_status":"closed","template":"","meta":{"footnotes":""},"class_list":["post-86","page","type-page","status-publish","hentry"],"_links":{"self":[{"href":"https:\/\/jvanoorschot.eu\/index.php?rest_route=\/wp\/v2\/pages\/86","targetHints":{"allow":["GET"]}}],"collection":[{"href":"https:\/\/jvanoorschot.eu\/index.php?rest_route=\/wp\/v2\/pages"}],"about":[{"href":"https:\/\/jvanoorschot.eu\/index.php?rest_route=\/wp\/v2\/types\/page"}],"author":[{"embeddable":true,"href":"https:\/\/jvanoorschot.eu\/index.php?rest_route=\/wp\/v2\/users\/1"}],"replies":[{"embeddable":true,"href":"https:\/\/jvanoorschot.eu\/index.php?rest_route=%2Fwp%2Fv2%2Fcomments&post=86"}],"version-history":[{"count":39,"href":"https:\/\/jvanoorschot.eu\/index.php?rest_route=\/wp\/v2\/pages\/86\/revisions"}],"predecessor-version":[{"id":257,"href":"https:\/\/jvanoorschot.eu\/index.php?rest_route=\/wp\/v2\/pages\/86\/revisions\/257"}],"wp:attachment":[{"href":"https:\/\/jvanoorschot.eu\/index.php?rest_route=%2Fwp%2Fv2%2Fmedia&parent=86"}],"curies":[{"name":"wp","href":"https:\/\/api.w.org\/{rel}","templated":true}]}}