{"id":92,"date":"2020-06-04T17:23:41","date_gmt":"2020-06-04T15:23:41","guid":{"rendered":"http:\/\/jvanoorschot.eu\/?page_id=92"},"modified":"2020-06-06T13:55:02","modified_gmt":"2020-06-06T11:55:02","slug":"impressum","status":"publish","type":"page","link":"https:\/\/jvanoorschot.eu\/?page_id=92","title":{"rendered":"Impressum"},"content":{"rendered":"\n<p>Prof. Dr. J\u00fcrgen van Oorschot<\/p>\n\n\n\n<p class=\"has-normal-font-size\">Friedrich-Alexander-Universit\u00e4t Erlangen-N\u00fcrnberg<br>Institut f\u00fcr Altes Testament &#8211; Lehrstuhl II (Theologie)<br>Kochstra\u00dfe 6 &#8211; 91054 Erlangen<\/p>\n\n\n\n<p>e-mail:&nbsp;<a href=\"mailto:email@jvanoorschot.de?subject=\">email@jvanoorschot.de<\/a><\/p>\n\n\n\n<p><\/p>\n\n\n\n<div class=\"wp-block-group\"><div class=\"wp-block-group__inner-container is-layout-flow wp-block-group-is-layout-flow\">\n<p class=\"has-text-align-left has-normal-font-size\"><strong>Haftungsausschluss<\/strong><br>Diese Website kann Schreibfehler,<br>und\/oder Ungenauigkeiten enthalten.<br>Dieser Internetauftritt ist nicht als<br>rechtsverbindliches Angebot zu werten.<br>Wir \u00fcbernehmen keine Gew\u00e4hr<br>f\u00fcr die Richtigkeit, Vollst\u00e4ndigkeit<br>und Aktualit\u00e4t der auf dieser Website<br>angebotenen Informationen.<br>In keinem Fall haften wird f\u00fcr Sch\u00e4den,<br>die sich aus der Nutzung oder Nicht-<br>nutzung dieser Website ergeben.<\/p>\n<\/div><\/div>\n\n\n\n<p class=\"has-normal-font-size\"><strong>Urheberrechtshinweis<\/strong><br>Alle Inhalte und Strukturen dieser<br>Website sind urheber- und leistungs-<br>schutzrechtlich gesch\u00fctzt.<br>Die Ver\u00f6ffentlichung im WorldWideWeb<br>oder in sonstigen Diensten des Internet<br>bedeutet noch keine Einverst\u00e4ndnis-<br>erkl\u00e4rung f\u00fcr eine anderweitige Nutzung<br>durch Dritte. Wir erlauben und begr\u00fc\u00dfen<br>aber ausdr\u00fccklich das Zitieren<br>unserer Seiten sowie das Setzen<br>von Links auf unsere Website, solange<br>kenntlich gemacht wird, dass es sich um<br>Inhalte unserer Website handelt<br>und diese Inhalte nicht in Verbindung<br>mit Inhalten Dritter gebracht werden,<br>die unseren Interessen widersprechen.<\/p>\n\n\n\n<p class=\"has-normal-font-size\"><strong>Gewerbliche Schutzrechte<\/strong><br>Alle innerhalb dieser Website genannten<br>und ggf. durch Dritte gesch\u00fctzten<br>Marken- und Warenzeichen unterliegen<br>uneingeschr\u00e4nkt den Bestimmungen<br>des jeweils g\u00fcltigen Kennzeichenrechts<br>und den Besitzrechten der jeweiligen<br>eingetragenen Eigent\u00fcmer.<br>Allein aufgrund der blo\u00dfen Nennung<br>ist nicht der Schluss zu ziehen,<br>dass Markenzeichen nicht durch Rechte<br>Dritter gesch\u00fctzt sind.<\/p>\n\n\n\n<p class=\"has-normal-font-size\"><strong>Datenschutzerkl\u00e4rung<\/strong><br>Die Nutzung unserer Seite<br>ist ohne eine Angabe<br>von personenbezogenen Daten m\u00f6glich.<br>F\u00fcr die Nutzung einzelner Services unserer Seite<br>k\u00f6nnen sich hierf\u00fcr abweichende<br>Regelungen ergeben, die in diesem Falle<br>nachstehend gesondert erl\u00e4utert werden.<br>Ihre personenbezogenen Daten<br>(z. B. Name, Anschrift, E-Mail, Telefonnummer, u.\u00e4.)<br>werden von uns nur gem\u00e4\u00df den Bestimmungen<br>des deutschen Datenschutzrechts verarbeitet.<br>Daten sind dann personenbezogen,<br>wenn sie eindeutig einer bestimmten<br>nat\u00fcrlichen Person zugeordnet werden k\u00f6nnen.<br>Die rechtlichen Grundlagen des Datenschutzes<br>finden Sie im Bundesdatenschutzgesetz (BDSG)<br>und dem Telemediengesetz (TMG).<br>Nachstehende Regelungen informieren Sie<br>insoweit \u00fcber die Art, den Umfang und Zweck<br>der Erhebung, die Nutzung<br>und die Verarbeitung<br>von personenbezogenen Daten durch den Anbieter.<\/p>\n\n\n\n<p class=\"has-normal-font-size\"><strong>Wir weisen darauf hin, dass die internetbasierte Daten\u00fcbertragung Sicherheitsl\u00fccken aufweist, ein l\u00fcckenloser Schutz vor Zugriffen durch Dritte somit unm\u00f6glich ist.<\/strong><\/p>\n\n\n\n<p class=\"has-normal-font-size\"><strong>Cookies<\/strong><br>Wir verwenden auf unserer Seite<br>sog. Cookies zum Wiedererkennen<br>mehrfacher Nutzung unseres Angebots,<br>durch denselben Nutzer\/Internetanschlussinhaber.<br>Cookies sind kleine Textdateien,<br>die Ihr Internet-Browser auf Ihrem Rechner<br>ablegt und speichert.<br>Sie dienen dazu, unseren Internetauftritt<br>und unsere Angebote zu optimieren.<br>Es handelt sich dabei zumeist<br>um sogenannte \u201eSession Cookies\u201c,<br>die nach dem Ende Ihres Besuches<br>wieder gel\u00f6scht werden.<br>Teilweise geben diese Cookies<br>jedoch Informationen ab,<br>um Sie automatisch wieder zu erkennen.<br>Diese Wiedererkennung erfolgt aufgrund<br>der in den Cookies gespeicherten IP-Adresse.<br>Die so erlangten Informationen<br>dienen dazu, unsere Angebote zu optimieren<br>und Ihnen einen leichteren Zugang<br>auf unsere Seite zu erm\u00f6glichen.<br>Sie k\u00f6nnen die Installation<br>der Cookies durch eine entsprechende<br>Einstellung Ihres Browsers verhindern;<br>wir weisen Sie jedoch darauf hin,<br>dass Sie in diesem Fall gegebenenfalls<br>nicht s\u00e4mtliche Funktionen<br>unserer Website vollumf\u00e4nglich<br>nutzen k\u00f6nnen.<\/p>\n\n\n\n<p><strong>Einsatz von Google-Analytics mit Anonymisierungsfunktion<\/strong><br>Wir setzen auf unserer Seite Google-Analytics,<br>einen Webanalysedienst der Firma Google Inc.,<br>1600 Amphitheatre Parkway, Mountain View,<br>CA 94043 USA, nachfolgend \u201eGoogle\u201c ein.<br>Google-Analytics verwendet sog. \u201eCookies\u201c,<br>Textdateien, die auf Ihrem Computer<br>gespeichert werden und hierdurch eine Analyse<br>der Benutzung der Website durch Sie erm\u00f6glichen.<br>Die durch diese Cookies erzeugten Informationen,<br>beispielsweise Zeit, Ort und H\u00e4ufigkeit<br>Ihres Webseiten-Besuchs einschlie\u00dflich<br>Ihrer IP-Adresse, werden an Google<br>in den USA \u00fcbertragen und dort gespeichert.<br>Wir verwenden auf unserer Website Google-Analytics<br>mit einer IP-Anonymisierungsfunktion.<br>Ihre IP-Adresse wird in diesem Fall von Google<br>schon innerhalb von Mitgliedstaaten<br>der Europ\u00e4ischen Union oder<br>in anderen Vertragsstaaten des Abkommens<br>\u00fcber den Europ\u00e4ischen Wirtschaftsraum<br>gek\u00fcrzt und dadurch anonymisiert.<br>Google wird diese Informationen benutzen,<br>um Ihre Nutzung unserer Seite auszuwerten,<br>um Reports \u00fcber die Websiteaktivit\u00e4ten<br>f\u00fcr uns zusammenzustellen und um weitere<br>mit der Websitenutzung und der Internetnutzung<br>verbundene Dienstleistungen zu erbringen.<br>Auch wird Google diese Informationen<br>gegebenenfalls an Dritte \u00fcbertragen,<br>sofern dies gesetzlich vorgeschrieben<br>oder soweit Dritte diese Daten<br>im Auftrag von Google verarbeiten.<\/p>\n\n\n\n<p>Google wird, nach eigenen Angaben,<br>in keinem Fall Ihre IP-Adresse<br>mit anderen Daten von Google in Verbindung bringen.<br>Sie k\u00f6nnen die Installation der Cookies<br>durch eine entsprechende Einstellung<br>Ihrer Browser-Software verhindern;<br>wir weisen Sie jedoch darauf hin,<br>dass Sie in diesem Fall gegebenenfalls<br>nicht s\u00e4mtliche Funktionen unserer Website<br>vollumf\u00e4nglich nutzen k\u00f6nnen.<br>Des Weiteren bietet Google<br>f\u00fcr die g\u00e4ngigsten Browser<br>eine Deaktivierungsoption an,<br>welche Ihnen mehr Kontrolle dar\u00fcber gibt,<br>welche Daten von Google erfasst<br>und verarbeitet werden.<br>Sollte Sie diese Option aktivieren,<br>werden keine Informationen zum Website-Besuch<br>an Google Analytics \u00fcbermittelt.<br>Die Aktivierung verhindert aber nicht,<br>dass Informationen an uns oder an andere<br>von uns gegebenenfalls eingesetzte<br>Webanalyse-Services \u00fcbermittelt werden.<br>Weitere Informationen zu der von Google<br>bereitgestellten Deaktivierungsoption<br>sowie zu der Aktivierung dieser Option,<br>erhalten Sie \u00fcber nachfolgenden Link:<br><a href=\"https:\/\/tools.google.com\/dlpage\/gaoptout?hl=de\" target=\"_blank\" rel=\"noreferrer noopener\">https:\/\/tools.google.com\/dlpage\/gaoptout?hl=de<\/a><\/p>\n\n\n\n<p><\/p>\n\n\n\n<p><\/p>\n\n\n\n<p><strong>Auskunft\/Widerruf\/L\u00f6schung<\/strong><br>Sie k\u00f6nnen sich aufgrund<br>des Bundesdatenschutzgesetzes<br>bei Fragen zur Erhebung, Verarbeitung<br>oder Nutzung Ihrer<br>personenbezogenen Daten<br>und deren Berichtigung, Sperrung, L\u00f6schung<br>oder einem Widerruf einer erteilten Einwilligung<br>unentgeltlich an uns wenden.<br>Wir weisen darauf hin, dass Ihnen ein Recht<br>auf Berichtigung falscher Daten oder L\u00f6schung<br>personenbezogener Daten zusteht,<br>sollte diesem Anspruch<br>keine gesetzliche<br>Aufbewahrungspflicht entgegenstehen.<\/p>\n\n\n\n<p><a href=\"https:\/\/www.ratgeberrecht.eu\/leistungen\/muster-datenschutzerklaerung.html\" target=\"_blank\" rel=\"noreferrer noopener\">Muster-Datenschutzerkl\u00e4rung<\/a><br>der <a href=\"https:\/\/www.ratgeberrecht.eu\/\" target=\"_blank\" rel=\"noreferrer noopener\">Anwaltskanzlei Wei\u00df &amp; Partner<\/a><\/p>\n","protected":false},"excerpt":{"rendered":"<p>Prof. Dr. J\u00fcrgen van Oorschot Friedrich-Alexander-Universit\u00e4t Erlangen-N\u00fcrnbergInstitut f\u00fcr Altes Testament &#8211; Lehrstuhl II (Theologie)Kochstra\u00dfe 6 &#8211; 91054 Erlangen e-mail:&nbsp;email@jvanoorschot.de HaftungsausschlussDiese Website kann Schreibfehler,und\/oder Ungenauigkeiten enthalten.Dieser Internetauftritt ist nicht alsrechtsverbindliches Angebot zu werten.Wir \u00fcbernehmen keine Gew\u00e4hrf\u00fcr die Richtigkeit, Vollst\u00e4ndigkeitund Aktualit\u00e4t der auf dieser Websiteangebotenen Informationen.In keinem Fall haften wird f\u00fcr Sch\u00e4den,die sich aus der Nutzung oder &hellip; <a href=\"https:\/\/jvanoorschot.eu\/?page_id=92\" class=\"more-link\"><span class=\"screen-reader-text\">Impressum<\/span> weiterlesen<\/a><\/p>\n","protected":false},"author":1,"featured_media":0,"parent":0,"menu_order":0,"comment_status":"closed","ping_status":"closed","template":"","meta":{"footnotes":""},"class_list":["post-92","page","type-page","status-publish","hentry"],"_links":{"self":[{"href":"https:\/\/jvanoorschot.eu\/index.php?rest_route=\/wp\/v2\/pages\/92","targetHints":{"allow":["GET"]}}],"collection":[{"href":"https:\/\/jvanoorschot.eu\/index.php?rest_route=\/wp\/v2\/pages"}],"about":[{"href":"https:\/\/jvanoorschot.eu\/index.php?rest_route=\/wp\/v2\/types\/page"}],"author":[{"embeddable":true,"href":"https:\/\/jvanoorschot.eu\/index.php?rest_route=\/wp\/v2\/users\/1"}],"replies":[{"embeddable":true,"href":"https:\/\/jvanoorschot.eu\/index.php?rest_route=%2Fwp%2Fv2%2Fcomments&post=92"}],"version-history":[{"count":8,"href":"https:\/\/jvanoorschot.eu\/index.php?rest_route=\/wp\/v2\/pages\/92\/revisions"}],"predecessor-version":[{"id":116,"href":"https:\/\/jvanoorschot.eu\/index.php?rest_route=\/wp\/v2\/pages\/92\/revisions\/116"}],"wp:attachment":[{"href":"https:\/\/jvanoorschot.eu\/index.php?rest_route=%2Fwp%2Fv2%2Fmedia&parent=92"}],"curies":[{"name":"wp","href":"https:\/\/api.w.org\/{rel}","templated":true}]}}